{"id":12,"date":"2021-11-06T21:48:48","date_gmt":"2021-11-06T20:48:48","guid":{"rendered":"https:\/\/www.tomanatech.sk\/?page_id=12"},"modified":"2021-11-06T21:48:48","modified_gmt":"2021-11-06T20:48:48","slug":"o-stranke","status":"publish","type":"page","link":"https:\/\/www.tomanatech.sk\/index.php\/o-stranke\/","title":{"rendered":"O str\u00e1nke"},"content":{"rendered":"\n<p>M\u00f4\u017eete by\u0165 umelec, ktor\u00fd r\u00e1d predstav\u00ed seba a svoju pr\u00e1cu alebo ste firma s misiou na op\u00edsanie. <\/p>\n","protected":false},"excerpt":{"rendered":"<p>M\u00f4\u017eete by\u0165 umelec, ktor\u00fd r\u00e1d predstav\u00ed seba a svoju pr\u00e1cu alebo ste [&hellip;]<\/p>\n","protected":false},"author":1,"featured_media":0,"parent":0,"menu_order":0,"comment_status":"closed","ping_status":"closed","template":"","meta":{"footnotes":""},"class_list":["post-12","page","type-page","status-publish","hentry"],"_links":{"self":[{"href":"https:\/\/www.tomanatech.sk\/index.php\/wp-json\/wp\/v2\/pages\/12","targetHints":{"allow":["GET"]}}],"collection":[{"href":"https:\/\/www.tomanatech.sk\/index.php\/wp-json\/wp\/v2\/pages"}],"about":[{"href":"https:\/\/www.tomanatech.sk\/index.php\/wp-json\/wp\/v2\/types\/page"}],"author":[{"embeddable":true,"href":"https:\/\/www.tomanatech.sk\/index.php\/wp-json\/wp\/v2\/users\/1"}],"replies":[{"embeddable":true,"href":"https:\/\/www.tomanatech.sk\/index.php\/wp-json\/wp\/v2\/comments?post=12"}],"version-history":[{"count":1,"href":"https:\/\/www.tomanatech.sk\/index.php\/wp-json\/wp\/v2\/pages\/12\/revisions"}],"predecessor-version":[{"id":17,"href":"https:\/\/www.tomanatech.sk\/index.php\/wp-json\/wp\/v2\/pages\/12\/revisions\/17"}],"wp:attachment":[{"href":"https:\/\/www.tomanatech.sk\/index.php\/wp-json\/wp\/v2\/media?parent=12"}],"curies":[{"name":"wp","href":"https:\/\/api.w.org\/{rel}","templated":true}]}}